{"id":44,"date":"2024-05-20T12:59:09","date_gmt":"2024-05-20T10:59:09","guid":{"rendered":"https:\/\/ddc.cmshulp.nl\/?page_id=44"},"modified":"2024-06-20T11:48:53","modified_gmt":"2024-06-20T09:48:53","slug":"faq","status":"publish","type":"page","link":"https:\/\/www.dutchdiecasttrading.com\/it\/faq\/","title":{"rendered":"FAQ"},"content":{"rendered":"<p><strong>Domande frequenti:<\/strong><br><br><strong>1. Chi pu\u00f2 registrarsi e acquistare su Dutch Diecast Trading: <\/strong>Forniamo prodotti solo ai rivenditori, nessuna vendita diretta ai consumatori.<\/p>\n\n\n\n<p><strong>2. Cosa distingue Dutch Diecast Trading?<\/strong> Siamo specializzati principalmente nelle scale: 1\/18, 1\/12, 1\/43 e 1\/64 e soprattutto nelle miniature di automobili. Grazie alle nostre importazioni a livello mondiale, possiamo offrire questi prodotti ai prezzi migliori, ma offriamo anche prodotti molto speciali che altri fornitori non possono fornire.<\/p>\n\n\n\n<p><strong>3. Come posso ordinare i prodotti?<\/strong> Inviamo regolarmente newsletter via e-mail annunciando le ultime consegne. Puoi ordinare i prodotti mostrati tramite questa email. Puoi compilare il modulo di registrazione qui: <a href=\"https:\/\/www.dutchdiecasttrading.com\/it\/aanmelden\/\" data-type=\"link\" data-id=\"https:\/\/www.dutchdiecasttrading.com\/aanmelden\/\">registrare<\/a><\/p>\n\n\n\n<p><strong>4. \u00c8 possibile la produzione esclusiva di un'auto in miniatura o di un prodotto correlato?<\/strong>&nbsp;S\u00ec, questo \u00e8 possibile, disponiamo sia di opzioni di stampa 3D che, per quantit\u00e0 maggiori, del nostro reparto di progettazione stampi. Tieni presente che i costi per piccole quantit\u00e0 di solito non superano i costi, quindi le quantit\u00e0 spesso partono solo da 250 pezzi per gli accessori e 500 pezzi per le miniature delle auto.<\/p>\n\n\n\n<p><strong>5. Voglio monitorare il mio ordine, come posso farlo?<\/strong>&nbsp;In genere, verr\u00e0 inviata un'e-mail di tracciamento entro 1-2 giorni lavorativi dalla spedizione dell'ordine. Spediamo solo con spedizione assicurata.<\/p>\n\n\n\n<p><strong>6. Quali opzioni di pagamento sono disponibili presso Dutch Diecast Trading?<\/strong>\u00a0Consegneremo la merce dopo aver ricevuto il pagamento completo per i primi 3 ordini. Nei Paesi Bassi la consegna pu\u00f2 essere effettuata su fattura dopo i primi 3 ordini pagati.<\/p>\n\n\n\n<p><strong>7. Quanto costano le spese di spedizione?<\/strong>&nbsp;La spedizione nei Paesi Bassi e in Belgio \u00e8 gratuita a partire da un valore dell'ordine di 350 euro. Costi di consegna in altri paesi in base al volume e al peso.<\/p>\n\n\n\n<p><strong>8. \u00c8 possibile una consegna urgente?<\/strong> <em>Dutch Diecast Trading <\/em>dispone di una propria opzione di servizio di consegna* per le aziende in alcune parti di: Paesi Bassi, Germania e Belgio. Ad esempio, se vendi ad un evento locale e le tue scorte stanno per esaurirsi, possiamo consegnare urgentemente i prodotti al tuo stand di vendita! (Possibile solo per ordini a partire da 3.000 \u20ac) <\/p>","protected":false},"excerpt":{"rendered":"<p>Veel gestelde vragen: 1. Wie kan zich bij Dutch Diecast Trading aanmelden en inkopen: Wij leveren uitsluitend aan de Detailhandel dus geen verkoop aan de consument. 2. Waarin onderscheidt Dutch Diecast Trading zich? Wij specialiseren ons in voornamelijk de schalen: 1\/18, 1\/12, 1\/43 en 1\/64 en dan met name in Autominiaturen. Door onze wereldwijde eigen [&hellip;]<\/p>\n","protected":false},"author":1,"featured_media":0,"parent":0,"menu_order":0,"comment_status":"closed","ping_status":"closed","template":"","meta":{"_seopress_robots_primary_cat":"","_seopress_titles_title":"","_seopress_titles_desc":"","_seopress_robots_index":"","_jf_save_progress":"","footnotes":""},"class_list":["post-44","page","type-page","status-publish","hentry"],"featured_image_src":null,"_links":{"self":[{"href":"https:\/\/www.dutchdiecasttrading.com\/it\/wp-json\/wp\/v2\/pages\/44","targetHints":{"allow":["GET"]}}],"collection":[{"href":"https:\/\/www.dutchdiecasttrading.com\/it\/wp-json\/wp\/v2\/pages"}],"about":[{"href":"https:\/\/www.dutchdiecasttrading.com\/it\/wp-json\/wp\/v2\/types\/page"}],"author":[{"embeddable":true,"href":"https:\/\/www.dutchdiecasttrading.com\/it\/wp-json\/wp\/v2\/users\/1"}],"replies":[{"embeddable":true,"href":"https:\/\/www.dutchdiecasttrading.com\/it\/wp-json\/wp\/v2\/comments?post=44"}],"version-history":[{"count":26,"href":"https:\/\/www.dutchdiecasttrading.com\/it\/wp-json\/wp\/v2\/pages\/44\/revisions"}],"predecessor-version":[{"id":732,"href":"https:\/\/www.dutchdiecasttrading.com\/it\/wp-json\/wp\/v2\/pages\/44\/revisions\/732"}],"wp:attachment":[{"href":"https:\/\/www.dutchdiecasttrading.com\/it\/wp-json\/wp\/v2\/media?parent=44"}],"curies":[{"name":"wp","href":"https:\/\/api.w.org\/{rel}","templated":true}]}}