{"id":214,"date":"2024-05-25T15:28:47","date_gmt":"2024-05-25T13:28:47","guid":{"rendered":"https:\/\/ddc.cmshulp.nl\/?page_id=214"},"modified":"2024-06-18T12:57:50","modified_gmt":"2024-06-18T10:57:50","slug":"leveringsvoorwaarden","status":"publish","type":"page","link":"https:\/\/www.dutchdiecasttrading.com\/it\/leveringsvoorwaarden\/","title":{"rendered":"Termini di consegna"},"content":{"rendered":"<p>Termini e Condizioni<\/p>\n\n\n\n<p>1 I prodotti rimangono di propriet\u00e0 di Dutch Diecast Trading fino al pagamento dell'intero importo.<\/p>\n\n\n\n<p>2 I prodotti non sono adatti a bambini di et\u00e0 inferiore a 14 anni. <\/p>\n\n\n\n<p>3 Tutte le consegne sono soggette alle nostre condizioni generali.<\/p>\n\n\n\n<p>4 I tuoi dati saranno trattati con cura e non saranno forniti a terzi.<\/p>\n\n\n\n<p>5 Il listino prezzi non \u00e8 un listino di magazzino, se un articolo \u00e8 in magazzino verr\u00e0 spedito entro cinque giorni lavorativi. Se un articolo non \u00e8 in magazzino, i tempi di consegna possono arrivare fino a 4 settimane a seconda del prodotto. In alcuni casi \u00e8 possibile consegnare un prodotto sostitutivo se il prodotto ordinato \u00e8 molto simile. i prezzi indicati sono IVA esclusa, i prezzi possono variare. Per le consegne all'estero applichiamo le condizioni di consegna intracomunitarie.<\/p>\n\n\n\n<p>6 I prezzi sono esclusi di spedizione, imballaggio e spese bancarie; il prodotto verr\u00e0 spedito solo dopo il pagamento dell'intero importo dovuto. Le spese bancarie sono a carico del cliente.<\/p>\n\n\n\n<p>7 La spedizione all'estero \u00e8 possibile, ma i costi possono variare. <\/p>\n\n\n\n<p>8 Il venditore non \u00e8 responsabile n\u00e9 perseguibile per danni causati dal trasporto o dall'uso improprio del prodotto.<\/p>\n\n\n\n<p>9 \u00c8 vietato dalla legge utilizzare prodotti, foto o altri materiali di Dutch Diecast Trading per scopi commerciali.<\/p>\n\n\n\n<p>10 Le immagini mostrate sono a scopo illustrativo e potrebbero differire dal prodotto reale.<\/p>\n\n\n\n<p>11 Consegne secondo il diritto olandese, \u00e8 escluso il diritto internazionale. I reclami legali vengono gestiti esclusivamente nei Paesi Bassi presso il tribunale di Groningen.<\/p>\n\n\n\n<p>12 Diritto di recesso:<br>I prodotti di Dutch Diecast Trading sono prodotti e confezionati con la massima cura, ma se non sei soddisfatto del prodotto, puoi restituirlo entro 8 giorni dal ricevimento nella confezione originale chiusa. Le spese di spedizione per la restituzione saranno a carico del cliente nonch\u00e9 le spese di spedizione sostenute per la consegna dell'ordine. Gli articoli specifici del cliente non possono essere cambiati. Il diritto di recesso \u00e8 valido solo per le consegne all'interno dell'Unione Europea.\u00a0<\/p>\n\n\n\n<p>13 Politica di rimborso:<br>Una volta che l'articolo ci \u00e8 stato restituito, verr\u00e0 controllato entro 7 giorni lavorativi e rimborsato.<\/p>\n\n\n\n<p>14 Un ordine effettuato costituisce un contratto di compravendita legale ed \u00e8 quindi vincolante.<\/p>\n\n\n\n<p>15 Responsabilit\u00e0 di Dutch Diecast Trading in casi eccezionali fino al valore di acquisto.<\/p>\n\n\n\n<p>16 Ci riserviamo il diritto di annullare un ordine di vendita in qualsiasi momento senza fornire alcuna motivazione.<\/p>\n\n\n\n<p>Aggiornato: 18\/06\/2024<\/p>\n\n\n\n<p>Dutch Diecast Trading<\/p>","protected":false},"excerpt":{"rendered":"<p>Algemene voorwaarden 1 De produkten blijven eigendom van Dutch Diecast Trading tot het volledige bedrag betaald is. 2 De producten zijn niet geschikt voor kinderen onder de 14 jaar. 3 Alle leveringen volgen onder onze algemene voorwaarden. 4 Uw gegevens worden zorgvuldig behandeld, en worden niet aan derden verstrekt. 5 De prijslijst is geen voorraadlijst,als [&hellip;]<\/p>\n","protected":false},"author":1,"featured_media":0,"parent":0,"menu_order":0,"comment_status":"closed","ping_status":"closed","template":"","meta":{"_seopress_robots_primary_cat":"","_seopress_titles_title":"","_seopress_titles_desc":"","_seopress_robots_index":"","_jf_save_progress":"","footnotes":""},"class_list":["post-214","page","type-page","status-publish","hentry"],"featured_image_src":null,"_links":{"self":[{"href":"https:\/\/www.dutchdiecasttrading.com\/it\/wp-json\/wp\/v2\/pages\/214","targetHints":{"allow":["GET"]}}],"collection":[{"href":"https:\/\/www.dutchdiecasttrading.com\/it\/wp-json\/wp\/v2\/pages"}],"about":[{"href":"https:\/\/www.dutchdiecasttrading.com\/it\/wp-json\/wp\/v2\/types\/page"}],"author":[{"embeddable":true,"href":"https:\/\/www.dutchdiecasttrading.com\/it\/wp-json\/wp\/v2\/users\/1"}],"replies":[{"embeddable":true,"href":"https:\/\/www.dutchdiecasttrading.com\/it\/wp-json\/wp\/v2\/comments?post=214"}],"version-history":[{"count":10,"href":"https:\/\/www.dutchdiecasttrading.com\/it\/wp-json\/wp\/v2\/pages\/214\/revisions"}],"predecessor-version":[{"id":726,"href":"https:\/\/www.dutchdiecasttrading.com\/it\/wp-json\/wp\/v2\/pages\/214\/revisions\/726"}],"wp:attachment":[{"href":"https:\/\/www.dutchdiecasttrading.com\/it\/wp-json\/wp\/v2\/media?parent=214"}],"curies":[{"name":"wp","href":"https:\/\/api.w.org\/{rel}","templated":true}]}}