{"id":47,"date":"2024-05-20T12:59:25","date_gmt":"2024-05-20T10:59:25","guid":{"rendered":"https:\/\/ddc.cmshulp.nl\/?page_id=47"},"modified":"2024-07-05T15:57:33","modified_gmt":"2024-07-05T13:57:33","slug":"privacy-policy","status":"publish","type":"page","link":"https:\/\/www.dutchdiecasttrading.com\/fr\/privacy-policy\/","title":{"rendered":"Politique de confidentialit\u00e9"},"content":{"rendered":"<p>Dutch Diecast Trading, situ\u00e9 \u00e0 Flessingsterrein 20,<br>9665BZ Oude Pekela, est responsable du traitement des donn\u00e9es personnelles comme indiqu\u00e9 dans cette d\u00e9claration de confidentialit\u00e9.<\/p>\n\n\n\n<p>D\u00e9tails du contact:<br>https:\/\/www.dutchdiecasttrading.com<br>Flessingsterrein 20,<br>9665BZ Oude Pekela<br>M. S.dijkstra est le d\u00e9l\u00e9gu\u00e9 \u00e0 la protection des donn\u00e9es de Dutch Diecast Trading. Il peut \u00eatre contact\u00e9 via info@dutchdiecasttrading.com.<\/p>\n\n\n\n<p><br>Dutch Diecast Trading traite vos donn\u00e9es personnelles parce que vous utilisez nos services et\/ou parce que vous nous les fournissez vous-m\u00eame.<\/p>\n\n\n\n<p><em><strong>Vous trouverez ci-dessous un aper\u00e7u des donn\u00e9es personnelles que nous traitons :<\/strong><\/em>- Nom et pr\u00e9nom<br>- Donn\u00e9es d'adresse<br>- Num\u00e9ro de t\u00e9l\u00e9phone<br>- Adresse e-mail<br>\u2013 Autres donn\u00e9es personnelles que vous fournissez activement, par exemple en cr\u00e9ant un profil sur ce site Internet, dans la correspondance et par t\u00e9l\u00e9phone<br>\u2013 Informations sur vos activit\u00e9s sur notre site internet<\/p>\n\n\n\n<p><em><strong>Donn\u00e9es personnelles sp\u00e9ciales et\/ou sensibles que nous traitons :<\/strong><\/em><\/p>\n\n\n\n<p><br>Notre site Web et\/ou service n\u2019a pas l\u2019intention de collecter des donn\u00e9es sur les visiteurs du site Web \u00e2g\u00e9s de moins de 16 ans. Sauf s'ils ont la permission des parents ou des tuteurs. Cependant, nous ne pouvons pas v\u00e9rifier si un visiteur a plus de 16 ans. Nous recommandons donc aux parents d'\u00eatre impliqu\u00e9s dans les activit\u00e9s en ligne de leurs enfants afin d'\u00e9viter que des donn\u00e9es sur les enfants soient collect\u00e9es sans le consentement des parents. Si vous \u00eates convaincu que nous avons collect\u00e9 des informations personnelles sur un mineur sans ce consentement, veuillez nous contacter \u00e0 info@dutchdiecasttrading.com et nous supprimerons ces informations.<\/p>\n\n\n\n<p><br><em><strong>Dans quel but et sur quelle base traitons-nous les donn\u00e9es personnelles :<\/strong><\/em><\/p>\n\n\n\n<p><br>Dutch Diecast Trading traite vos donn\u00e9es personnelles aux fins suivantes :<br>\u2013 G\u00e9rer votre paiement<br>\u2013 Envoi de notre newsletter et\/ou plaquette publicitaire<br>\u2013 Pour pouvoir vous appeler ou vous envoyer un e-mail si cela est n\u00e9cessaire pour fournir nos services<br>\u2013 Pour vous informer des \u00e9volutions de nos services et produits<br>\u2013 Vous offrir la possibilit\u00e9 de cr\u00e9er un compte<br>\u2013 Pour vous livrer des biens et services<br>\u2013 Dutch Diecast Trading traite \u00e9galement des donn\u00e9es personnelles si nous y sommes l\u00e9galement oblig\u00e9s, telles que les donn\u00e9es dont nous avons besoin pour notre d\u00e9claration de revenus.<\/p>\n\n\n\n<p><br><em><strong>Combien de temps conservons-nous les donn\u00e9es personnelles :<\/strong><\/em><\/p>\n\n\n\n<p>Dutch Diecast Trading ne conserve pas vos donn\u00e9es personnelles plus longtemps que ce qui est strictement n\u00e9cessaire pour atteindre les objectifs pour lesquels vos donn\u00e9es sont collect\u00e9es. Nous utilisons les dur\u00e9es de conservation suivantes pour toutes les donn\u00e9es personnelles : 10 ans.<\/p>\n\n\n\n<p><br><em><strong>Partage de donn\u00e9es personnelles avec des tiers :<\/strong><\/em><\/p>\n\n\n\n<p><br>Dutch Diecast Trading ne fournit des donn\u00e9es \u00e0 des tiers que si cela est n\u00e9cessaire \u00e0 l'ex\u00e9cution de notre accord avec vous ou au respect d'une obligation l\u00e9gale.<\/p>\n\n\n\n<p><br><em><strong>Cookies, ou techniques similaires, que nous utilisons :<\/strong><\/em><\/p>\n\n\n\n<p><br>Dutch Diecast Trading utilise des cookies fonctionnels, analytiques et de suivi. Un cookie est un petit fichier texte stock\u00e9 dans le navigateur de votre ordinateur, tablette ou smartphone lors de votre premi\u00e8re visite sur ce site Internet. DutchDiecastTrading utilise des cookies avec une fonctionnalit\u00e9 purement technique. Ceux-ci garantissent que le site Web fonctionne correctement et que, par exemple, vos param\u00e8tres de pr\u00e9f\u00e9rences sont m\u00e9moris\u00e9s. Ces cookies sont \u00e9galement utilis\u00e9s pour garantir le bon fonctionnement du site Internet et l'optimiser. Nous pla\u00e7ons \u00e9galement des cookies qui suivent votre comportement de navigation afin de pouvoir vous proposer des contenus et des publicit\u00e9s personnalis\u00e9s.<\/p>\n\n\n\n<p>Lors de votre premi\u00e8re visite sur notre site Internet, nous vous avons d\u00e9j\u00e0 inform\u00e9 de ces cookies et vous avons demand\u00e9 l'autorisation de les placer.<\/p>\n\n\n\n<p>Vous pouvez vous d\u00e9sinscrire des cookies en param\u00e9trant votre navigateur internet pour qu'il ne stocke plus de cookies. De plus, vous pouvez \u00e9galement supprimer toutes les informations pr\u00e9c\u00e9demment stock\u00e9es via les param\u00e8tres de votre navigateur.<\/p>\n\n\n\n<p>Zie voor een toelichting: https:\/\/veiliginternetten.nl\/themes\/situatie\/cookies-wat-zijn-het-en-wat-doe-ik-ermee\/<\/p>\n\n\n\n<p><br><em><strong>Afficher, ajuster ou supprimer des donn\u00e9es :<\/strong><\/em><\/p>\n\n\n\n<p><br>Vous avez le droit de consulter, de rectifier ou de supprimer vos donn\u00e9es personnelles. En outre, vous avez le droit de retirer votre consentement au traitement des donn\u00e9es ou de vous opposer au traitement de vos donn\u00e9es personnelles par Dutch Diecast Trading et vous avez le droit \u00e0 la portabilit\u00e9 des donn\u00e9es. Cela signifie que vous pouvez nous demander d'envoyer les donn\u00e9es personnelles que nous d\u00e9tenons \u00e0 votre sujet dans un fichier informatique \u00e0 vous ou \u00e0 une autre organisation mentionn\u00e9e par vous.<\/p>\n\n\n\n<p>Vous pouvez envoyer une demande d'acc\u00e8s, de rectification, de suppression, de transfert de donn\u00e9es de vos donn\u00e9es personnelles ou une demande de retrait de votre consentement ou d'opposition au traitement de vos donn\u00e9es personnelles \u00e0 info@dutchdiecasttrading.com.<\/p>\n\n\n\n<p>Afin de garantir que la demande d'acc\u00e8s a bien \u00e9t\u00e9 effectu\u00e9e par vous, nous vous demandons de joindre \u00e0 la demande une copie de votre justificatif d'identit\u00e9. Faites en noir sur cette copie votre photo d'identit\u00e9, votre MRZ (zone lisible par machine, la bande avec les num\u00e9ros au bas du passeport), votre num\u00e9ro de passeport et votre num\u00e9ro de service citoyen (BSN). Il s'agit de prot\u00e9ger votre vie priv\u00e9e. Nous r\u00e9pondrons \u00e0 votre demande dans les plus brefs d\u00e9lais, mais dans un d\u00e9lai de quatre semaines.<\/p>\n\n\n\n<p>Dutch Diecast Trading wil u er tevens op wijzen dat u de mogelijkheid heeft om een klacht in te dienen bij de nationale toezichthouder, de Autoriteit Persoonsgegevens. Dat kan via de volgende link: https:\/\/autoriteitpersoonsgegevens.nl\/nl\/contact-met-de-autoriteit-persoonsgegevens\/tip-ons<\/p>\n\n\n\n<p><em><strong>Comment nous prot\u00e9geons les donn\u00e9es personnelles :<\/strong><\/em><\/p>\n\n\n\n<p><br>Dutch Diecast Trading prend la protection de vos donn\u00e9es au s\u00e9rieux et prend les mesures appropri\u00e9es pour emp\u00eacher toute utilisation abusive, perte, acc\u00e8s non autoris\u00e9, divulgation non d\u00e9sir\u00e9e et modification non autoris\u00e9e. Si vous avez l'impression que vos donn\u00e9es ne sont pas correctement s\u00e9curis\u00e9es ou s'il existe des indications d'utilisation abusive, veuillez contacter notre service client ou via info@DutchDiecastTrading.com<\/p>","protected":false},"excerpt":{"rendered":"<p>Dutch Diecast Trading, gevestigd aan Flessingsterrein 20,9665BZ Oude Pekela, is verantwoordelijk voor de verwerking van persoonsgegevens zoals weergegeven in deze privacyverklaring. Contactgegevens:https:\/\/www.dutchdiecasttrading.comFlessingsterrein 20,9665BZ Oude PekelaDhr. S.dijkstra is de Functionaris Gegevensbescherming van Dutch Diecast Trading Hij\/zij is te bereiken via info@dutchdiecasttrading.com Dutch Diecast Trading verwerkt uw persoonsgegevens doordat u gebruik maakt van onze diensten en\/of omdat [&hellip;]<\/p>\n","protected":false},"author":1,"featured_media":0,"parent":0,"menu_order":0,"comment_status":"closed","ping_status":"closed","template":"","meta":{"_seopress_robots_primary_cat":"","_seopress_titles_title":"","_seopress_titles_desc":"","_seopress_robots_index":"","_jf_save_progress":"","footnotes":""},"class_list":["post-47","page","type-page","status-publish","hentry"],"featured_image_src":null,"_links":{"self":[{"href":"https:\/\/www.dutchdiecasttrading.com\/fr\/wp-json\/wp\/v2\/pages\/47","targetHints":{"allow":["GET"]}}],"collection":[{"href":"https:\/\/www.dutchdiecasttrading.com\/fr\/wp-json\/wp\/v2\/pages"}],"about":[{"href":"https:\/\/www.dutchdiecasttrading.com\/fr\/wp-json\/wp\/v2\/types\/page"}],"author":[{"embeddable":true,"href":"https:\/\/www.dutchdiecasttrading.com\/fr\/wp-json\/wp\/v2\/users\/1"}],"replies":[{"embeddable":true,"href":"https:\/\/www.dutchdiecasttrading.com\/fr\/wp-json\/wp\/v2\/comments?post=47"}],"version-history":[{"count":13,"href":"https:\/\/www.dutchdiecasttrading.com\/fr\/wp-json\/wp\/v2\/pages\/47\/revisions"}],"predecessor-version":[{"id":733,"href":"https:\/\/www.dutchdiecasttrading.com\/fr\/wp-json\/wp\/v2\/pages\/47\/revisions\/733"}],"wp:attachment":[{"href":"https:\/\/www.dutchdiecasttrading.com\/fr\/wp-json\/wp\/v2\/media?parent=47"}],"curies":[{"name":"wp","href":"https:\/\/api.w.org\/{rel}","templated":true}]}}