{"id":44,"date":"2024-05-20T12:59:09","date_gmt":"2024-05-20T10:59:09","guid":{"rendered":"https:\/\/ddc.cmshulp.nl\/?page_id=44"},"modified":"2024-06-20T11:48:53","modified_gmt":"2024-06-20T09:48:53","slug":"faq","status":"publish","type":"page","link":"https:\/\/www.dutchdiecasttrading.com\/fr\/faq\/","title":{"rendered":"FAQ"},"content":{"rendered":"<p><strong>Questions fr\u00e9quentes:<\/strong><br><br><strong>1. Qui peut s'inscrire et acheter chez Dutch Diecast Trading : <\/strong>Nous fournissons uniquement des produits aux d\u00e9taillants, pas de vente directe aux consommateurs.<\/p>\n\n\n\n<p><strong>2. Qu'est-ce qui distingue Dutch Diecast Trading ?<\/strong> Nous sommes principalement sp\u00e9cialis\u00e9s dans les \u00e9chelles : 1\/18, 1\/12, 1\/43 et 1\/64 et surtout dans les miniatures automobiles. Gr\u00e2ce \u00e0 nos propres importations mondiales, nous pouvons proposer ces produits aux meilleurs prix, mais \u00e9galement proposer des produits tr\u00e8s sp\u00e9ciaux que d'autres fournisseurs ne peuvent pas fournir.<\/p>\n\n\n\n<p><strong>3. Comment puis-je commander les produits ?<\/strong> Nous envoyons r\u00e9guli\u00e8rement des newsletters par e-mail annon\u00e7ant les derni\u00e8res livraisons. Vous pouvez commander les produits pr\u00e9sent\u00e9s via cet email. Vous pouvez remplir le formulaire d'inscription ici : <a href=\"https:\/\/www.dutchdiecasttrading.com\/fr\/aanmelden\/\" data-type=\"link\" data-id=\"https:\/\/www.dutchdiecasttrading.com\/aanmelden\/\">enregistrer<\/a><\/p>\n\n\n\n<p><strong>4. La production exclusive d\u2019une voiture miniature ou d\u2019un produit connexe est-elle possible ?<\/strong>&nbsp;Oui, c'est possible, nous disposons \u00e0 la fois d'options d'impression 3D et, pour de plus grandes quantit\u00e9s, de notre propre d\u00e9partement de conception de moules. Gardez \u00e0 l'esprit que les co\u00fbts pour les petites quantit\u00e9s ne d\u00e9passent g\u00e9n\u00e9ralement pas les co\u00fbts, c'est pourquoi les quantit\u00e9s ne commencent souvent qu'\u00e0 partir de 250 pi\u00e8ces pour les accessoires et de 500 pi\u00e8ces pour les miniatures de voitures.<\/p>\n\n\n\n<p><strong>5. Je souhaite suivre ma commande, comment faire ?<\/strong>&nbsp;En r\u00e8gle g\u00e9n\u00e9rale, un e-mail de suivi suivra dans les 1 \u00e0 2 jours ouvrables une fois la commande exp\u00e9di\u00e9e. Nous exp\u00e9dions uniquement par exp\u00e9dition assur\u00e9e.<\/p>\n\n\n\n<p><strong>6. Quelles options de paiement sont disponibles chez Dutch Diecast Trading ?<\/strong>\u00a0Nous livrerons la marchandise apr\u00e8s r\u00e9ception du paiement int\u00e9gral des 3 premi\u00e8res commandes. Aux Pays-Bas, la livraison peut \u00eatre effectu\u00e9e sur facture apr\u00e8s les 3 premi\u00e8res commandes pay\u00e9es.<\/p>\n\n\n\n<p><strong>7. \u00c0 combien s\u2019\u00e9l\u00e8vent les frais d\u2019exp\u00e9dition ?<\/strong>&nbsp;La livraison aux Pays-Bas et en Belgique est gratuite \u00e0 partir d'une valeur de commande de 350 euros. Frais de livraison vers les autres pays en fonction du volume et du poids.<\/p>\n\n\n\n<p><strong>8. Une livraison urgente est-elle possible ?<\/strong> <em>Dutch Diecast Trading <\/em>dispose de sa propre option de service de livraison* pour les entreprises dans certaines r\u00e9gions des Pays-Bas, de l'Allemagne et de la Belgique. Par exemple, si vous vendez lors d\u2019un \u00e9v\u00e9nement local et que votre stock s\u2019\u00e9puise, nous pouvons livrer les produits sur votre stand de vente en urgence ! (Uniquement possible pour les commandes \u00e0 partir de 3000 \u20ac) <\/p>","protected":false},"excerpt":{"rendered":"<p>Veel gestelde vragen: 1. Wie kan zich bij Dutch Diecast Trading aanmelden en inkopen: Wij leveren uitsluitend aan de Detailhandel dus geen verkoop aan de consument. 2. Waarin onderscheidt Dutch Diecast Trading zich? Wij specialiseren ons in voornamelijk de schalen: 1\/18, 1\/12, 1\/43 en 1\/64 en dan met name in Autominiaturen. Door onze wereldwijde eigen [&hellip;]<\/p>\n","protected":false},"author":1,"featured_media":0,"parent":0,"menu_order":0,"comment_status":"closed","ping_status":"closed","template":"","meta":{"_seopress_robots_primary_cat":"","_seopress_titles_title":"","_seopress_titles_desc":"","_seopress_robots_index":"","_jf_save_progress":"","footnotes":""},"class_list":["post-44","page","type-page","status-publish","hentry"],"featured_image_src":null,"_links":{"self":[{"href":"https:\/\/www.dutchdiecasttrading.com\/fr\/wp-json\/wp\/v2\/pages\/44","targetHints":{"allow":["GET"]}}],"collection":[{"href":"https:\/\/www.dutchdiecasttrading.com\/fr\/wp-json\/wp\/v2\/pages"}],"about":[{"href":"https:\/\/www.dutchdiecasttrading.com\/fr\/wp-json\/wp\/v2\/types\/page"}],"author":[{"embeddable":true,"href":"https:\/\/www.dutchdiecasttrading.com\/fr\/wp-json\/wp\/v2\/users\/1"}],"replies":[{"embeddable":true,"href":"https:\/\/www.dutchdiecasttrading.com\/fr\/wp-json\/wp\/v2\/comments?post=44"}],"version-history":[{"count":26,"href":"https:\/\/www.dutchdiecasttrading.com\/fr\/wp-json\/wp\/v2\/pages\/44\/revisions"}],"predecessor-version":[{"id":732,"href":"https:\/\/www.dutchdiecasttrading.com\/fr\/wp-json\/wp\/v2\/pages\/44\/revisions\/732"}],"wp:attachment":[{"href":"https:\/\/www.dutchdiecasttrading.com\/fr\/wp-json\/wp\/v2\/media?parent=44"}],"curies":[{"name":"wp","href":"https:\/\/api.w.org\/{rel}","templated":true}]}}