{"id":214,"date":"2024-05-25T15:28:47","date_gmt":"2024-05-25T13:28:47","guid":{"rendered":"https:\/\/ddc.cmshulp.nl\/?page_id=214"},"modified":"2024-06-18T12:57:50","modified_gmt":"2024-06-18T10:57:50","slug":"leveringsvoorwaarden","status":"publish","type":"page","link":"https:\/\/www.dutchdiecasttrading.com\/fr\/leveringsvoorwaarden\/","title":{"rendered":"Conditions de livraison"},"content":{"rendered":"<p>Termes et conditions<\/p>\n\n\n\n<p>1 Les produits restent la propri\u00e9t\u00e9 de Dutch Diecast Trading jusqu'au paiement int\u00e9gral du montant.<\/p>\n\n\n\n<p>2 Les produits ne conviennent pas aux enfants de moins de 14 ans. <\/p>\n\n\n\n<p>3 Toutes les livraisons sont soumises \u00e0 nos conditions g\u00e9n\u00e9rales.<\/p>\n\n\n\n<p>4 Vos donn\u00e9es seront trait\u00e9es avec soin et ne seront pas transmises \u00e0 des tiers.<\/p>\n\n\n\n<p>5 La liste de prix n'est pas une liste de stock, si un article est en stock il sera exp\u00e9di\u00e9 dans les cinq jours ouvrables. Si un article n'est pas en stock, le d\u00e9lai de livraison peut aller jusqu'\u00e0 4 semaines selon le produit. Dans certains cas, un produit de remplacement peut \u00eatre livr\u00e9 si le produit command\u00e9 est tr\u00e8s similaire. les prix indiqu\u00e9s sont hors TVA, les prix peuvent varier. Pour les livraisons \u00e0 l\u2019\u00e9tranger, nous appliquons les conditions de livraison intracommunautaire.<\/p>\n\n\n\n<p>6 Les prix excluent les frais de port, d'emballage et bancaires ; un produit ne sera envoy\u00e9 qu'apr\u00e8s paiement de la totalit\u00e9 du montant d\u00fb. Les frais bancaires sont \u00e0 la charge du client.<\/p>\n\n\n\n<p>7 L'exp\u00e9dition \u00e0 l'\u00e9tranger est possible, mais les co\u00fbts peuvent varier. <\/p>\n\n\n\n<p>8 Le vendeur n'est pas responsable des dommages caus\u00e9s par le transport ou une mauvaise utilisation du produit.<\/p>\n\n\n\n<p>9 Il est interdit par la loi d'utiliser des produits, des photos ou d'autres mat\u00e9riaux de Dutch Diecast Trading \u00e0 des fins commerciales.<\/p>\n\n\n\n<p>10 Les images pr\u00e9sent\u00e9es sont \u00e0 des fins d'illustration et peuvent diff\u00e9rer du produit r\u00e9el.<\/p>\n\n\n\n<p>11 Livraisons selon le droit n\u00e9erlandais, le droit international est exclu. Les plaintes juridiques sont trait\u00e9es exclusivement aux Pays-Bas, aupr\u00e8s du tribunal de Groningue.<\/p>\n\n\n\n<p>12 Droit de r\u00e9tractation :<br>Les produits de Dutch Diecast Trading sont fabriqu\u00e9s et emball\u00e9s avec le plus grand soin, mais si vous n'\u00eates pas satisfait du produit, vous pouvez le retourner dans les 8 jours suivant sa r\u00e9ception dans son emballage d'origine ferm\u00e9. Les frais de retour seront \u00e0 la charge du client. ainsi que les frais de port engag\u00e9s pour l'acheminement de la commande. Les articles sp\u00e9cifiques au client ne peuvent pas \u00eatre \u00e9chang\u00e9s. Le droit de r\u00e9tractation n'est valable que pour les livraisons au sein de l'Union Europ\u00e9enne.\u00a0<\/p>\n\n\n\n<p>13 Politique de remboursement :<br>Une fois qu'un article nous a \u00e9t\u00e9 retourn\u00e9, il sera v\u00e9rifi\u00e9 dans les 7 jours ouvrables et rembours\u00e9.<\/p>\n\n\n\n<p>14 Une commande pass\u00e9e constitue un contrat d'achat l\u00e9gal et est donc contraignante.<\/p>\n\n\n\n<p>15 Responsabilit\u00e9 de Dutch Diecast Trading dans des cas exceptionnels \u00e0 hauteur de la valeur d'achat.<\/p>\n\n\n\n<p>16 Nous nous r\u00e9servons le droit d'annuler une commande \u00e0 tout moment sans indication de motif.<\/p>\n\n\n\n<p>Mise \u00e0 jour : 18\/06\/2024<\/p>\n\n\n\n<p>Dutch Diecast Trading<\/p>","protected":false},"excerpt":{"rendered":"<p>Algemene voorwaarden 1 De produkten blijven eigendom van Dutch Diecast Trading tot het volledige bedrag betaald is. 2 De producten zijn niet geschikt voor kinderen onder de 14 jaar. 3 Alle leveringen volgen onder onze algemene voorwaarden. 4 Uw gegevens worden zorgvuldig behandeld, en worden niet aan derden verstrekt. 5 De prijslijst is geen voorraadlijst,als [&hellip;]<\/p>\n","protected":false},"author":1,"featured_media":0,"parent":0,"menu_order":0,"comment_status":"closed","ping_status":"closed","template":"","meta":{"_seopress_robots_primary_cat":"","_seopress_titles_title":"","_seopress_titles_desc":"","_seopress_robots_index":"","_jf_save_progress":"","footnotes":""},"class_list":["post-214","page","type-page","status-publish","hentry"],"featured_image_src":null,"_links":{"self":[{"href":"https:\/\/www.dutchdiecasttrading.com\/fr\/wp-json\/wp\/v2\/pages\/214","targetHints":{"allow":["GET"]}}],"collection":[{"href":"https:\/\/www.dutchdiecasttrading.com\/fr\/wp-json\/wp\/v2\/pages"}],"about":[{"href":"https:\/\/www.dutchdiecasttrading.com\/fr\/wp-json\/wp\/v2\/types\/page"}],"author":[{"embeddable":true,"href":"https:\/\/www.dutchdiecasttrading.com\/fr\/wp-json\/wp\/v2\/users\/1"}],"replies":[{"embeddable":true,"href":"https:\/\/www.dutchdiecasttrading.com\/fr\/wp-json\/wp\/v2\/comments?post=214"}],"version-history":[{"count":10,"href":"https:\/\/www.dutchdiecasttrading.com\/fr\/wp-json\/wp\/v2\/pages\/214\/revisions"}],"predecessor-version":[{"id":726,"href":"https:\/\/www.dutchdiecasttrading.com\/fr\/wp-json\/wp\/v2\/pages\/214\/revisions\/726"}],"wp:attachment":[{"href":"https:\/\/www.dutchdiecasttrading.com\/fr\/wp-json\/wp\/v2\/media?parent=214"}],"curies":[{"name":"wp","href":"https:\/\/api.w.org\/{rel}","templated":true}]}}