{"id":17,"date":"2024-03-12T18:49:08","date_gmt":"2024-03-12T17:49:08","guid":{"rendered":"https:\/\/ddc.cmshulp.nl\/?page_id=17"},"modified":"2024-06-13T14:13:00","modified_gmt":"2024-06-13T12:13:00","slug":"home","status":"publish","type":"page","link":"https:\/\/www.dutchdiecasttrading.com\/fr\/","title":{"rendered":"Home"},"content":{"rendered":"<h3 class=\"wp-block-heading\">Bienvenue chez Dutch Diecast Trading<\/h3>\n\n\n\n<div style=\"height:20px\" aria-hidden=\"true\" class=\"wp-block-spacer\"><\/div>\n\n\n\n<p>Dutch Diecast Trading importe des miniatures de voitures et des articles connexes de diff\u00e9rents types et \u00e9chelles pour les livrer aux d\u00e9taillants dans toute l'Europe.<\/p>\n\n\n\n<p>En plus de l'importation, nous nous sp\u00e9cialisons dans la production d'\u00e9ditions exclusives et d'articles sp\u00e9cialement fabriqu\u00e9s pour nous. Miniatures de voitures promotionnelles, porte-cl\u00e9s, etc. font \u00e9galement partie de nos options.<\/p>\n\n\n\n<p>Nous fournissons uniquement des produits aux d\u00e9taillants, pas de vente directe aux consommateurs.<\/p>","protected":false},"excerpt":{"rendered":"<p>Welkom bij Dutch Diecast Trading. Dutch Diecast Trading importeert autominiaturen en aanverwante artikelen in verschillende soorten en schalen voor uitlevering aan de Detailhandel in geheel Europa. Naast het importeren zijn wij gespecialiseerd in de productie van exclusieve oplages en speciaal voor ons geproduceerde artikelen. Promotionele Autominiaturen, sleutelhangers etc. behoren ook tot onze mogelijkheden. Wij leveren [&hellip;]<\/p>\n","protected":false},"author":1,"featured_media":0,"parent":0,"menu_order":0,"comment_status":"closed","ping_status":"closed","template":"","meta":{"_seopress_robots_primary_cat":"","_seopress_titles_title":"Dutch Diecast Trading","_seopress_titles_desc":"Dutch Diecast Trading importeert autominiaturen en aanverwante artikelen voor uitlevering aan de Detailhandel in geheel Europa.","_seopress_robots_index":"","_jf_save_progress":"","footnotes":""},"class_list":["post-17","page","type-page","status-publish","hentry"],"featured_image_src":null,"_links":{"self":[{"href":"https:\/\/www.dutchdiecasttrading.com\/fr\/wp-json\/wp\/v2\/pages\/17","targetHints":{"allow":["GET"]}}],"collection":[{"href":"https:\/\/www.dutchdiecasttrading.com\/fr\/wp-json\/wp\/v2\/pages"}],"about":[{"href":"https:\/\/www.dutchdiecasttrading.com\/fr\/wp-json\/wp\/v2\/types\/page"}],"author":[{"embeddable":true,"href":"https:\/\/www.dutchdiecasttrading.com\/fr\/wp-json\/wp\/v2\/users\/1"}],"replies":[{"embeddable":true,"href":"https:\/\/www.dutchdiecasttrading.com\/fr\/wp-json\/wp\/v2\/comments?post=17"}],"version-history":[{"count":96,"href":"https:\/\/www.dutchdiecasttrading.com\/fr\/wp-json\/wp\/v2\/pages\/17\/revisions"}],"predecessor-version":[{"id":684,"href":"https:\/\/www.dutchdiecasttrading.com\/fr\/wp-json\/wp\/v2\/pages\/17\/revisions\/684"}],"wp:attachment":[{"href":"https:\/\/www.dutchdiecasttrading.com\/fr\/wp-json\/wp\/v2\/media?parent=17"}],"curies":[{"name":"wp","href":"https:\/\/api.w.org\/{rel}","templated":true}]}}