{"id":44,"date":"2024-05-20T12:59:09","date_gmt":"2024-05-20T10:59:09","guid":{"rendered":"https:\/\/ddc.cmshulp.nl\/?page_id=44"},"modified":"2024-06-20T11:48:53","modified_gmt":"2024-06-20T09:48:53","slug":"faq","status":"publish","type":"page","link":"https:\/\/www.dutchdiecasttrading.com\/es\/faq\/","title":{"rendered":"FAQ"},"content":{"rendered":"<p><strong>Preguntas frecuentes:<\/strong><br><br><strong>1. \u00bfQui\u00e9n puede registrarse y comprar en Dutch Diecast Trading? <\/strong>Solo suministramos productos a minoristas, no ventas directas a consumidores.<\/p>\n\n\n\n<p><strong>2. \u00bfQu\u00e9 diferencia a Dutch Diecast Trading del resto?<\/strong> Nos especializamos principalmente en las escalas: 1\/18, 1\/12, 1\/43 y 1\/64 y especialmente en miniaturas de coches. Debido a nuestras propias importaciones mundiales, podemos ofrecer estos productos a los mejores precios, pero tambi\u00e9n ofrecemos productos muy especiales que otros proveedores no pueden suministrar.<\/p>\n\n\n\n<p><strong>3. \u00bfC\u00f3mo puedo pedir los productos?<\/strong> Enviamos peri\u00f3dicamente boletines por correo electr\u00f3nico anunciando las \u00faltimas entregas. Puede solicitar los productos mostrados a trav\u00e9s de este correo electr\u00f3nico. Puedes completar el formulario de inscripci\u00f3n aqu\u00ed: <a href=\"https:\/\/www.dutchdiecasttrading.com\/es\/aanmelden\/\" data-type=\"link\" data-id=\"https:\/\/www.dutchdiecasttrading.com\/aanmelden\/\">registrarse<\/a><\/p>\n\n\n\n<p><strong>4. Es posible la producci\u00f3n exclusiva de una miniatura de autom\u00f3vil o un producto relacionado?<\/strong>&nbsp;S\u00ed, esto es posible, disponemos tanto de opciones de impresi\u00f3n 3D como para cantidades mayores de nuestro propio departamento de dise\u00f1o de moldes. Tenga en cuenta que los costes de peque\u00f1as cantidades no suelen superar los costes, por lo que las cantidades suelen empezar s\u00f3lo a partir de 250 piezas para accesorios y 500 piezas para miniaturas de coches.<\/p>\n\n\n\n<p><strong>5. Quiero realizar un seguimiento de mi pedido, \u00bfc\u00f3mo lo hago?<\/strong>&nbsp;Por lo general, recibir\u00e1 un correo electr\u00f3nico de seguimiento dentro de 1 a 2 d\u00edas h\u00e1biles una vez que se haya enviado el pedido. S\u00f3lo realizamos env\u00edos por env\u00edo asegurado.<\/p>\n\n\n\n<p><strong>6. \u00bfQu\u00e9 opciones de pago est\u00e1n disponibles en Dutch Diecast Trading?<\/strong>\u00a0Entregaremos los productos despu\u00e9s de recibir el pago completo de los primeros 3 pedidos. Dentro de los Pa\u00edses Bajos, la entrega se puede realizar mediante factura despu\u00e9s de los 3 primeros pedidos pagados.<\/p>\n\n\n\n<p><strong>7. \u00bfA cu\u00e1nto ascienden los gastos de env\u00edo?<\/strong>&nbsp;El env\u00edo dentro de los Pa\u00edses Bajos y B\u00e9lgica es gratuito a partir de un valor de pedido de 350 euros. Gastos de env\u00edo a otros pa\u00edses seg\u00fan volumen y peso.<\/p>\n\n\n\n<p><strong>8. \u00bfEs posible la entrega urgente?<\/strong> <em>Dutch Diecast Trading <\/em>tiene su propia opci\u00f3n de servicio de entrega* para empresas en partes de: Pa\u00edses Bajos, Alemania y B\u00e9lgica. Por ejemplo, si est\u00e1 vendiendo en un evento local y sus existencias se est\u00e1n agotando, \u00a1podemos entregar los productos a su puesto de ventas con urgencia! (Solo posible para pedidos a partir de 3000\u20ac) <\/p>","protected":false},"excerpt":{"rendered":"<p>Veel gestelde vragen: 1. Wie kan zich bij Dutch Diecast Trading aanmelden en inkopen: Wij leveren uitsluitend aan de Detailhandel dus geen verkoop aan de consument. 2. Waarin onderscheidt Dutch Diecast Trading zich? Wij specialiseren ons in voornamelijk de schalen: 1\/18, 1\/12, 1\/43 en 1\/64 en dan met name in Autominiaturen. Door onze wereldwijde eigen [&hellip;]<\/p>\n","protected":false},"author":1,"featured_media":0,"parent":0,"menu_order":0,"comment_status":"closed","ping_status":"closed","template":"","meta":{"_seopress_robots_primary_cat":"","_seopress_titles_title":"","_seopress_titles_desc":"","_seopress_robots_index":"","_jf_save_progress":"","footnotes":""},"class_list":["post-44","page","type-page","status-publish","hentry"],"featured_image_src":null,"_links":{"self":[{"href":"https:\/\/www.dutchdiecasttrading.com\/es\/wp-json\/wp\/v2\/pages\/44","targetHints":{"allow":["GET"]}}],"collection":[{"href":"https:\/\/www.dutchdiecasttrading.com\/es\/wp-json\/wp\/v2\/pages"}],"about":[{"href":"https:\/\/www.dutchdiecasttrading.com\/es\/wp-json\/wp\/v2\/types\/page"}],"author":[{"embeddable":true,"href":"https:\/\/www.dutchdiecasttrading.com\/es\/wp-json\/wp\/v2\/users\/1"}],"replies":[{"embeddable":true,"href":"https:\/\/www.dutchdiecasttrading.com\/es\/wp-json\/wp\/v2\/comments?post=44"}],"version-history":[{"count":26,"href":"https:\/\/www.dutchdiecasttrading.com\/es\/wp-json\/wp\/v2\/pages\/44\/revisions"}],"predecessor-version":[{"id":732,"href":"https:\/\/www.dutchdiecasttrading.com\/es\/wp-json\/wp\/v2\/pages\/44\/revisions\/732"}],"wp:attachment":[{"href":"https:\/\/www.dutchdiecasttrading.com\/es\/wp-json\/wp\/v2\/media?parent=44"}],"curies":[{"name":"wp","href":"https:\/\/api.w.org\/{rel}","templated":true}]}}