{"id":214,"date":"2024-05-25T15:28:47","date_gmt":"2024-05-25T13:28:47","guid":{"rendered":"https:\/\/ddc.cmshulp.nl\/?page_id=214"},"modified":"2024-06-18T12:57:50","modified_gmt":"2024-06-18T10:57:50","slug":"leveringsvoorwaarden","status":"publish","type":"page","link":"https:\/\/www.dutchdiecasttrading.com\/es\/leveringsvoorwaarden\/","title":{"rendered":"Condiciones de entrega"},"content":{"rendered":"<p>T\u00e9rminos y condiciones<\/p>\n\n\n\n<p>1 Los productos siguen siendo propiedad de Dutch Diecast Trading hasta que se haya pagado el importe total.<\/p>\n\n\n\n<p>2 Los productos no son aptos para ni\u00f1os menores de 14 a\u00f1os. <\/p>\n\n\n\n<p>3 Todas las entregas est\u00e1n sujetas a nuestros t\u00e9rminos y condiciones generales.<\/p>\n\n\n\n<p>4 Tus datos ser\u00e1n tratados con cuidado y no ser\u00e1n proporcionados a terceros.<\/p>\n\n\n\n<p>5 La lista de precios no es una lista de stock, si un art\u00edculo est\u00e1 en stock se enviar\u00e1 dentro de los cinco d\u00edas h\u00e1biles. Si un art\u00edculo no est\u00e1 en stock, el tiempo de entrega puede ser de hasta 4 semanas dependiendo del producto. En algunos casos, se puede entregar un producto de reemplazo si el producto solicitado es muy similar. Los precios mostrados no incluyen IVA, los precios pueden variar. Para entregas al extranjero, aplicamos las condiciones de entrega intracomunitaria.<\/p>\n\n\n\n<p>6 Los precios excluyen los gastos de env\u00edo, embalaje y bancarios; un producto s\u00f3lo se enviar\u00e1 despu\u00e9s del pago del importe total adeudado. Los gastos bancarios correr\u00e1n a cargo del cliente.<\/p>\n\n\n\n<p>7 Es posible realizar env\u00edos al extranjero, pero los costes pueden variar. <\/p>\n\n\n\n<p>8 El vendedor no se hace responsable de los da\u00f1os causados \u200b\u200bpor el transporte o el uso inadecuado del producto.<\/p>\n\n\n\n<p>9 Est\u00e1 prohibido por ley utilizar productos, fotograf\u00edas u otros materiales de Dutch Diecast Trading con fines comerciales.<\/p>\n\n\n\n<p>10 Las im\u00e1genes mostradas son para fines ilustrativos y pueden diferir del producto real.<\/p>\n\n\n\n<p>11 Entregas seg\u00fan la legislaci\u00f3n holandesa, queda excluido el derecho internacional. Las reclamaciones judiciales se tramitan exclusivamente en los Pa\u00edses Bajos en el tribunal de Groningen.<\/p>\n\n\n\n<p>12 Derecho de desistimiento:<br>Los productos de Dutch Diecast Trading se producen y empaquetan con el m\u00e1ximo cuidado, pero si no est\u00e1 satisfecho con el producto, puede devolverlo dentro de los 8 d\u00edas posteriores a la recepci\u00f3n en el embalaje original cerrado. Los costos de env\u00edo de devoluci\u00f3n correr\u00e1n a cargo del cliente. as\u00ed como los gastos de env\u00edo ocasionados por la entrega del pedido. Los art\u00edculos espec\u00edficos del cliente no se pueden cambiar. El derecho de desistimiento s\u00f3lo es v\u00e1lido para entregas dentro de la Uni\u00f3n Europea.\u00a0<\/p>\n\n\n\n<p>13 Pol\u00edtica de reembolso:<br>Una vez que nos haya devuelto un art\u00edculo, lo revisaremos dentro de los 7 d\u00edas h\u00e1biles y lo reembolsaremos.<\/p>\n\n\n\n<p>14 Un pedido realizado es un acuerdo de compra legal y, por lo tanto, es vinculante.<\/p>\n\n\n\n<p>15 Responsabilidad de Dutch Diecast Trading en casos excepcionales hasta el valor de compra.<\/p>\n\n\n\n<p>16 Nos reservamos el derecho de cancelar un pedido de venta en cualquier momento sin dar ning\u00fan motivo.<\/p>\n\n\n\n<p>Actualizado: 18\/06\/2024<\/p>\n\n\n\n<p>Dutch Diecast Trading<\/p>","protected":false},"excerpt":{"rendered":"<p>Algemene voorwaarden 1 De produkten blijven eigendom van Dutch Diecast Trading tot het volledige bedrag betaald is. 2 De producten zijn niet geschikt voor kinderen onder de 14 jaar. 3 Alle leveringen volgen onder onze algemene voorwaarden. 4 Uw gegevens worden zorgvuldig behandeld, en worden niet aan derden verstrekt. 5 De prijslijst is geen voorraadlijst,als [&hellip;]<\/p>\n","protected":false},"author":1,"featured_media":0,"parent":0,"menu_order":0,"comment_status":"closed","ping_status":"closed","template":"","meta":{"_seopress_robots_primary_cat":"","_seopress_titles_title":"","_seopress_titles_desc":"","_seopress_robots_index":"","_jf_save_progress":"","footnotes":""},"class_list":["post-214","page","type-page","status-publish","hentry"],"featured_image_src":null,"_links":{"self":[{"href":"https:\/\/www.dutchdiecasttrading.com\/es\/wp-json\/wp\/v2\/pages\/214","targetHints":{"allow":["GET"]}}],"collection":[{"href":"https:\/\/www.dutchdiecasttrading.com\/es\/wp-json\/wp\/v2\/pages"}],"about":[{"href":"https:\/\/www.dutchdiecasttrading.com\/es\/wp-json\/wp\/v2\/types\/page"}],"author":[{"embeddable":true,"href":"https:\/\/www.dutchdiecasttrading.com\/es\/wp-json\/wp\/v2\/users\/1"}],"replies":[{"embeddable":true,"href":"https:\/\/www.dutchdiecasttrading.com\/es\/wp-json\/wp\/v2\/comments?post=214"}],"version-history":[{"count":10,"href":"https:\/\/www.dutchdiecasttrading.com\/es\/wp-json\/wp\/v2\/pages\/214\/revisions"}],"predecessor-version":[{"id":726,"href":"https:\/\/www.dutchdiecasttrading.com\/es\/wp-json\/wp\/v2\/pages\/214\/revisions\/726"}],"wp:attachment":[{"href":"https:\/\/www.dutchdiecasttrading.com\/es\/wp-json\/wp\/v2\/media?parent=214"}],"curies":[{"name":"wp","href":"https:\/\/api.w.org\/{rel}","templated":true}]}}