{"id":44,"date":"2024-05-20T12:59:09","date_gmt":"2024-05-20T10:59:09","guid":{"rendered":"https:\/\/ddc.cmshulp.nl\/?page_id=44"},"modified":"2024-06-20T11:48:53","modified_gmt":"2024-06-20T09:48:53","slug":"faq","status":"publish","type":"page","link":"https:\/\/www.dutchdiecasttrading.com\/de\/faq\/","title":{"rendered":"FAQ"},"content":{"rendered":"<p><strong>H\u00e4ufig gestellte Fragen:<\/strong><br><br><strong>1. Wer kann sich bei Dutch Diecast Trading registrieren und kaufen: <\/strong>Wir liefern Produkte nur an Einzelh\u00e4ndler, keinen Direktverkauf an Verbraucher.<\/p>\n\n\n\n<p><strong>2. Was zeichnet Dutch Diecast Trading aus?<\/strong> Wir sind haupts\u00e4chlich auf die Ma\u00dfst\u00e4be 1\/18, 1\/12, 1\/43 und 1\/64 spezialisiert und insbesondere auf Autominiaturen. Aufgrund unserer eigenen weltweiten Importe k\u00f6nnen wir diese Produkte zu den besten Preisen anbieten, bieten aber auch ganz besondere Produkte an, die andere Lieferanten nicht liefern k\u00f6nnen.<\/p>\n\n\n\n<p><strong>3. Wie kann ich die Produkte bestellen?<\/strong> Wir versenden regelm\u00e4\u00dfig Newsletter per E-Mail, in denen wir \u00fcber die neuesten Lieferungen informieren. \u00dcber diese E-Mail k\u00f6nnen Sie die abgebildeten Produkte bestellen. Das Anmeldeformular k\u00f6nnen Sie hier ausf\u00fcllen: <a href=\"https:\/\/www.dutchdiecasttrading.com\/de\/aanmelden\/\" data-type=\"link\" data-id=\"https:\/\/www.dutchdiecasttrading.com\/aanmelden\/\">registrieren<\/a><\/p>\n\n\n\n<p><strong>4. Ist die exklusive Produktion einer Autominiatur oder eines verwandten Produkts m\u00f6glich?<\/strong>&nbsp;Ja, das ist m\u00f6glich, wir verf\u00fcgen sowohl \u00fcber 3D-Druckoptionen als auch f\u00fcr gr\u00f6\u00dfere Mengen \u00fcber eine eigene Formenbauabteilung. Bedenken Sie, dass die Kosten f\u00fcr kleine Mengen die Kosten in der Regel nicht \u00fcberwiegen, sodass die Mengen oft erst ab 250 St\u00fcck f\u00fcr Zubeh\u00f6r und 500 St\u00fcck f\u00fcr Autominiaturen beginnen.<\/p>\n\n\n\n<p><strong>5. Ich m\u00f6chte meine Bestellung verfolgen, wie mache ich das?<\/strong>&nbsp;In der Regel erhalten Sie innerhalb von 1\u20132 Werktagen nach dem Versand der Bestellung eine E-Mail zur Sendungsverfolgung. Wir versenden ausschlie\u00dflich per versichertem Versand.<\/p>\n\n\n\n<p><strong>6. Welche Zahlungsoptionen stehen bei Dutch Diecast Trading zur Verf\u00fcgung?<\/strong>\u00a0Wir liefern die Ware nach Eingang der vollst\u00e4ndigen Zahlung f\u00fcr die ersten 3 Bestellungen aus. Innerhalb der Niederlande kann die Lieferung auf Rechnung nach den ersten 3 bezahlten Bestellungen erfolgen.<\/p>\n\n\n\n<p><strong>7. Wie hoch sind die Versandkosten?<\/strong>&nbsp;Der Versand innerhalb der Niederlande und nach Belgien ist ab einem Bestellwert von 350 Euro kostenlos. Die Versandkosten in andere L\u00e4nder richten sich nach Volumen und Gewicht.<\/p>\n\n\n\n<p><strong>8. Ist eine eilige Lieferung m\u00f6glich?<\/strong> <em>Dutch Diecast Trading <\/em>verf\u00fcgt \u00fcber eine eigene Lieferservice-Option* f\u00fcr Unternehmen in folgenden Teilen: den Niederlanden, Deutschland und Belgien. Wenn Sie beispielsweise auf einer lokalen Veranstaltung verkaufen und Ihr Lagerbestand zur Neige geht, k\u00f6nnen wir die Produkte umgehend an Ihren Verkaufsstand liefern! (Nur m\u00f6glich f\u00fcr Bestellungen ab 3000 \u20ac) <\/p>","protected":false},"excerpt":{"rendered":"<p>Veel gestelde vragen: 1. Wie kan zich bij Dutch Diecast Trading aanmelden en inkopen: Wij leveren uitsluitend aan de Detailhandel dus geen verkoop aan de consument. 2. Waarin onderscheidt Dutch Diecast Trading zich? Wij specialiseren ons in voornamelijk de schalen: 1\/18, 1\/12, 1\/43 en 1\/64 en dan met name in Autominiaturen. Door onze wereldwijde eigen [&hellip;]<\/p>\n","protected":false},"author":1,"featured_media":0,"parent":0,"menu_order":0,"comment_status":"closed","ping_status":"closed","template":"","meta":{"_seopress_robots_primary_cat":"","_seopress_titles_title":"","_seopress_titles_desc":"","_seopress_robots_index":"","_jf_save_progress":"","footnotes":""},"class_list":["post-44","page","type-page","status-publish","hentry"],"featured_image_src":null,"_links":{"self":[{"href":"https:\/\/www.dutchdiecasttrading.com\/de\/wp-json\/wp\/v2\/pages\/44","targetHints":{"allow":["GET"]}}],"collection":[{"href":"https:\/\/www.dutchdiecasttrading.com\/de\/wp-json\/wp\/v2\/pages"}],"about":[{"href":"https:\/\/www.dutchdiecasttrading.com\/de\/wp-json\/wp\/v2\/types\/page"}],"author":[{"embeddable":true,"href":"https:\/\/www.dutchdiecasttrading.com\/de\/wp-json\/wp\/v2\/users\/1"}],"replies":[{"embeddable":true,"href":"https:\/\/www.dutchdiecasttrading.com\/de\/wp-json\/wp\/v2\/comments?post=44"}],"version-history":[{"count":26,"href":"https:\/\/www.dutchdiecasttrading.com\/de\/wp-json\/wp\/v2\/pages\/44\/revisions"}],"predecessor-version":[{"id":732,"href":"https:\/\/www.dutchdiecasttrading.com\/de\/wp-json\/wp\/v2\/pages\/44\/revisions\/732"}],"wp:attachment":[{"href":"https:\/\/www.dutchdiecasttrading.com\/de\/wp-json\/wp\/v2\/media?parent=44"}],"curies":[{"name":"wp","href":"https:\/\/api.w.org\/{rel}","templated":true}]}}