{"id":214,"date":"2024-05-25T15:28:47","date_gmt":"2024-05-25T13:28:47","guid":{"rendered":"https:\/\/ddc.cmshulp.nl\/?page_id=214"},"modified":"2024-06-18T12:57:50","modified_gmt":"2024-06-18T10:57:50","slug":"leveringsvoorwaarden","status":"publish","type":"page","link":"https:\/\/www.dutchdiecasttrading.com\/de\/leveringsvoorwaarden\/","title":{"rendered":"Lieferbedingungen"},"content":{"rendered":"<p>Gesch\u00e4ftsbedingungen<\/p>\n\n\n\n<p>1 Die Produkte bleiben bis zur vollst\u00e4ndigen Bezahlung Eigentum von Dutch Diecast Trading.<\/p>\n\n\n\n<p>2 Die Produkte sind nicht f\u00fcr Kinder unter 14 Jahren geeignet. <\/p>\n\n\n\n<p>3 F\u00fcr alle Lieferungen gelten unsere Allgemeinen Gesch\u00e4ftsbedingungen.<\/p>\n\n\n\n<p>4 Ihre Daten werden sorgf\u00e4ltig behandelt und nicht an Dritte weitergegeben.<\/p>\n\n\n\n<p>5 Bei der Preisliste handelt es sich nicht um eine Lagerliste. Wenn ein Artikel vorr\u00e4tig ist, erfolgt der Versand innerhalb von f\u00fcnf Werktagen. Wenn ein Artikel nicht vorr\u00e4tig ist, kann die Lieferzeit je nach Produkt bis zu 4 Wochen betragen. In einigen F\u00e4llen kann ein Ersatzprodukt geliefert werden, wenn das bestellte Produkt sehr \u00e4hnlich ist. Die angegebenen Preise verstehen sich zuz\u00fcglich Mehrwertsteuer, die Preise k\u00f6nnen variieren. F\u00fcr Lieferungen ins Ausland gelten die Bedingungen f\u00fcr innergemeinschaftliche Lieferungen.<\/p>\n\n\n\n<p>6 Die Preise verstehen sich zuz\u00fcglich Versand-, Verpackungs- und Bankgeb\u00fchren; ein Versand der Ware erfolgt erst nach Zahlung des gesamten f\u00e4lligen Betrages. Bankgeb\u00fchren sind vom Kunden zu tragen.<\/p>\n\n\n\n<p>7 Der Versand ins Ausland ist m\u00f6glich, die Kosten k\u00f6nnen jedoch variieren. <\/p>\n\n\n\n<p>8 Der Verk\u00e4ufer ist nicht verantwortlich oder haftbar f\u00fcr Sch\u00e4den, die durch Transport oder unsachgem\u00e4\u00dfen Gebrauch des Produkts entstehen.<\/p>\n\n\n\n<p>9 Es ist gesetzlich verboten, Produkte, Fotos oder andere Materialien von Dutch Diecast Trading f\u00fcr kommerzielle Zwecke zu verwenden.<\/p>\n\n\n\n<p>10 Die gezeigten Bilder dienen der Veranschaulichung und k\u00f6nnen vom tats\u00e4chlichen Produkt abweichen.<\/p>\n\n\n\n<p>11 Lieferungen erfolgen nach niederl\u00e4ndischem Recht, internationales Recht ist ausgeschlossen. Rechtsbeschwerden werden in den Niederlanden ausschlie\u00dflich am Gericht Groningen bearbeitet.<\/p>\n\n\n\n<p>12 Widerrufsrecht:<br>Die Produkte von Dutch Diecast Trading werden mit gr\u00f6\u00dfter Sorgfalt hergestellt und verpackt. Wenn Sie jedoch mit dem Produkt unzufrieden sind, k\u00f6nnen Sie es innerhalb von 8 Tagen nach Erhalt in der geschlossenen Originalverpackung zur\u00fccksenden sowie die f\u00fcr die Lieferung der Bestellung anfallenden Versandkosten. Kundenspezifische Artikel sind vom Umtausch ausgeschlossen. Das Widerrufsrecht gilt nur f\u00fcr Lieferungen innerhalb der Europ\u00e4ischen Union.\u00a0<\/p>\n\n\n\n<p>13 R\u00fcckerstattungsrichtlinie:<br>Sobald ein Artikel an uns zur\u00fcckgesandt wurde, wird er innerhalb von 7 Werktagen \u00fcberpr\u00fcft und der Betrag zur\u00fcckerstattet.<\/p>\n\n\n\n<p>14 Eine aufgegebene Bestellung stellt einen rechtsg\u00fcltigen Kaufvertrag dar und ist daher bindend.<\/p>\n\n\n\n<p>15 Haftung von Dutch Diecast Trading in Ausnahmef\u00e4llen bis zur H\u00f6he des Einkaufswerts.<\/p>\n\n\n\n<p>16 Wir behalten uns das Recht vor, eine Bestellung jederzeit und ohne Angabe von Gr\u00fcnden zu stornieren.<\/p>\n\n\n\n<p>Aktualisiert: 18.06.2024<\/p>\n\n\n\n<p>Dutch Diecast Trading<\/p>","protected":false},"excerpt":{"rendered":"<p>Algemene voorwaarden 1 De produkten blijven eigendom van Dutch Diecast Trading tot het volledige bedrag betaald is. 2 De producten zijn niet geschikt voor kinderen onder de 14 jaar. 3 Alle leveringen volgen onder onze algemene voorwaarden. 4 Uw gegevens worden zorgvuldig behandeld, en worden niet aan derden verstrekt. 5 De prijslijst is geen voorraadlijst,als [&hellip;]<\/p>\n","protected":false},"author":1,"featured_media":0,"parent":0,"menu_order":0,"comment_status":"closed","ping_status":"closed","template":"","meta":{"_seopress_robots_primary_cat":"","_seopress_titles_title":"","_seopress_titles_desc":"","_seopress_robots_index":"","_jf_save_progress":"","footnotes":""},"class_list":["post-214","page","type-page","status-publish","hentry"],"featured_image_src":null,"_links":{"self":[{"href":"https:\/\/www.dutchdiecasttrading.com\/de\/wp-json\/wp\/v2\/pages\/214","targetHints":{"allow":["GET"]}}],"collection":[{"href":"https:\/\/www.dutchdiecasttrading.com\/de\/wp-json\/wp\/v2\/pages"}],"about":[{"href":"https:\/\/www.dutchdiecasttrading.com\/de\/wp-json\/wp\/v2\/types\/page"}],"author":[{"embeddable":true,"href":"https:\/\/www.dutchdiecasttrading.com\/de\/wp-json\/wp\/v2\/users\/1"}],"replies":[{"embeddable":true,"href":"https:\/\/www.dutchdiecasttrading.com\/de\/wp-json\/wp\/v2\/comments?post=214"}],"version-history":[{"count":10,"href":"https:\/\/www.dutchdiecasttrading.com\/de\/wp-json\/wp\/v2\/pages\/214\/revisions"}],"predecessor-version":[{"id":726,"href":"https:\/\/www.dutchdiecasttrading.com\/de\/wp-json\/wp\/v2\/pages\/214\/revisions\/726"}],"wp:attachment":[{"href":"https:\/\/www.dutchdiecasttrading.com\/de\/wp-json\/wp\/v2\/media?parent=214"}],"curies":[{"name":"wp","href":"https:\/\/api.w.org\/{rel}","templated":true}]}}