{"id":17,"date":"2024-03-12T18:49:08","date_gmt":"2024-03-12T17:49:08","guid":{"rendered":"https:\/\/ddc.cmshulp.nl\/?page_id=17"},"modified":"2024-06-13T14:13:00","modified_gmt":"2024-06-13T12:13:00","slug":"home","status":"publish","type":"page","link":"https:\/\/www.dutchdiecasttrading.com\/de\/","title":{"rendered":"Home"},"content":{"rendered":"<h3 class=\"wp-block-heading\">Willkommen bei Dutch Diecast Trading<\/h3>\n\n\n\n<div style=\"height:20px\" aria-hidden=\"true\" class=\"wp-block-spacer\"><\/div>\n\n\n\n<p>Dutch Diecast Trading importiert Autominiaturen und verwandte Artikel in verschiedenen Typen und Ma\u00dfst\u00e4ben zur Lieferung an Einzelh\u00e4ndler in ganz Europa.<\/p>\n\n\n\n<p>Neben dem Import sind wir auf die Herstellung exklusiver Editionen und speziell f\u00fcr uns gefertigter Artikel spezialisiert. Auch Autominiaturen, Schl\u00fcsselanh\u00e4nger usw. als Werbeartikel geh\u00f6ren zu unserem Angebot.<\/p>\n\n\n\n<p>Wir liefern Produkte nur an Einzelh\u00e4ndler, keinen Direktverkauf an Verbraucher.<\/p>","protected":false},"excerpt":{"rendered":"<p>Welkom bij Dutch Diecast Trading. Dutch Diecast Trading importeert autominiaturen en aanverwante artikelen in verschillende soorten en schalen voor uitlevering aan de Detailhandel in geheel Europa. Naast het importeren zijn wij gespecialiseerd in de productie van exclusieve oplages en speciaal voor ons geproduceerde artikelen. Promotionele Autominiaturen, sleutelhangers etc. behoren ook tot onze mogelijkheden. Wij leveren [&hellip;]<\/p>\n","protected":false},"author":1,"featured_media":0,"parent":0,"menu_order":0,"comment_status":"closed","ping_status":"closed","template":"","meta":{"_seopress_robots_primary_cat":"","_seopress_titles_title":"Dutch Diecast Trading","_seopress_titles_desc":"Dutch Diecast Trading importeert autominiaturen en aanverwante artikelen voor uitlevering aan de Detailhandel in geheel Europa.","_seopress_robots_index":"","_jf_save_progress":"","footnotes":""},"class_list":["post-17","page","type-page","status-publish","hentry"],"featured_image_src":null,"_links":{"self":[{"href":"https:\/\/www.dutchdiecasttrading.com\/de\/wp-json\/wp\/v2\/pages\/17","targetHints":{"allow":["GET"]}}],"collection":[{"href":"https:\/\/www.dutchdiecasttrading.com\/de\/wp-json\/wp\/v2\/pages"}],"about":[{"href":"https:\/\/www.dutchdiecasttrading.com\/de\/wp-json\/wp\/v2\/types\/page"}],"author":[{"embeddable":true,"href":"https:\/\/www.dutchdiecasttrading.com\/de\/wp-json\/wp\/v2\/users\/1"}],"replies":[{"embeddable":true,"href":"https:\/\/www.dutchdiecasttrading.com\/de\/wp-json\/wp\/v2\/comments?post=17"}],"version-history":[{"count":96,"href":"https:\/\/www.dutchdiecasttrading.com\/de\/wp-json\/wp\/v2\/pages\/17\/revisions"}],"predecessor-version":[{"id":684,"href":"https:\/\/www.dutchdiecasttrading.com\/de\/wp-json\/wp\/v2\/pages\/17\/revisions\/684"}],"wp:attachment":[{"href":"https:\/\/www.dutchdiecasttrading.com\/de\/wp-json\/wp\/v2\/media?parent=17"}],"curies":[{"name":"wp","href":"https:\/\/api.w.org\/{rel}","templated":true}]}}